{"id":384,"date":"2025-09-24T15:58:38","date_gmt":"2025-09-24T15:58:38","guid":{"rendered":"https:\/\/uber50.coach\/home\/"},"modified":"2025-09-24T18:23:29","modified_gmt":"2025-09-24T18:23:29","slug":"home","status":"publish","type":"page","link":"https:\/\/uber50.coach\/tr\/","title":{"rendered":"Ana Sayfa"},"content":{"rendered":"<h2>Hikayem: Ki\u015fisel Bir Yolculuktan Profesyonel Bir Mesle\u011fe<\/h2>\r\n<p>54 ya\u015f\u0131mda, bir\u00e7ok dan\u0131\u015fan\u0131m gibi ben de ayn\u0131 yolculuktay\u0131m. Hormonlar\u0131n azalmaya ba\u015flad\u0131\u011f\u0131nda ve v\u00fccudun de\u011fi\u015fmeye ba\u015flad\u0131\u011f\u0131nda neler hissetti\u011fini ilk elden biliyorum. Ve \u00e7evremdeki insanlarda da ayn\u0131 zorluklar\u0131\u2014metabolik sorunlar, kas kayb\u0131 ve kemik yo\u011funlu\u011fu endi\u015feleri\u2014g\u00f6rd\u00fcm.<\/p>\r\n<p>Genellikle bize ne yapmam\u0131z gerekti\u011fi s\u00f6yleniyor, ancak v\u00fccudumuzu gelece\u011fe proaktif olarak nas\u0131l haz\u0131rlayaca\u011f\u0131m\u0131za dair net bir yol haritas\u0131 nadiren veriliyor. Bu yolculu\u011fa kendim i\u00e7in ba\u015flad\u0131m, kendi sa\u011fl\u0131\u011f\u0131ma ba\u011fl\u0131 kalarak. Ne kadar \u00e7ok \u00f6\u011frenirsem, bu bilgiyi payla\u015fmak i\u00e7in o kadar derin bir tutku hissettim. Bu y\u00fczden, bu kritik ya\u015fam evresinde ba\u015fkalar\u0131na yard\u0131mc\u0131 olmak i\u00e7in kendimi <b>Pr\u00e4vensana Personal Trainer<\/b> ve Beslenme Uzman\u0131 sertifikalar\u0131yla resmen e\u011fitmeye karar verdim.<\/p>\r\n<h2>Felsefem: G\u00fc\u00e7 Uzun Vadeli Bir Yat\u0131r\u0131md\u0131r<\/h2>\r\n<p>\u0130nan\u0131yorum ki, minimal d\u00fczeyde tutarl\u0131 a\u011f\u0131rl\u0131k antrenman\u0131 sadece bir hobi de\u011fil, sa\u011fl\u0131\u011f\u0131n i\u00e7in uzun vadeli bir yat\u0131r\u0131md\u0131r. Sihirli haplar veya garantiler yoktur, ancak kas ve kemik yo\u011funlu\u011funu in\u015fa etmek ve korumak, g\u00fc\u00e7l\u00fc, ba\u011f\u0131ms\u0131z ve canl\u0131 bir gelecek \u015fans\u0131n\u0131 art\u0131rman\u0131n en iyi yoludur.<\/p>\r\n<p>Yakla\u015f\u0131m\u0131m bir v\u00fccut geli\u015ftirmeci olmanla ilgili de\u011fil. Ger\u00e7ek\u00e7i ve etkili olmanla ilgili. Do\u011fal ya\u015flanma s\u00fcreciyle sava\u015fmak i\u00e7in sana ara\u00e7lar vermek ve sa\u011fl\u0131\u011f\u0131n\u0131n kontrol\u00fcn\u00fc ele alman\u0131 sa\u011flamakla ilgili.<\/p>\r\n<h2>Neden Senin \u0130\u00e7in Do\u011fru Ko\u00e7um<\/h2>\r\n<p>Ge\u00e7mi\u015fim, ki\u015fisel deneyim ve mesleki adanm\u0131\u015fl\u0131\u011f\u0131n benzersiz bir kar\u0131\u015f\u0131m\u0131d\u0131r. Konulara derinlemesine dalmay\u0131 seven h\u0131zl\u0131 \u00f6\u011frenen biriyim, bu y\u00fczden rehberli\u011fimin en son ara\u015ft\u0131rmalara dayand\u0131\u011f\u0131ndan emin olabilirsin. Dan\u0131\u015fanlar\u0131ma yard\u0131m etti\u011fim de\u011fi\u015fiklikleri kendim de ya\u015fad\u0131m, bu bana bir ders kitab\u0131n\u0131n sa\u011flayamayaca\u011f\u0131 d\u00fczeyde bir empati ve anlay\u0131\u015f kat\u0131yor.<\/p>\r\n<p>Ayr\u0131ca, Almanca, \u0130ngilizce, \u0130spanyolca, T\u00fcrk\u00e7e ve \u0130svi\u00e7re Almancas\u0131 konu\u015fan biri olarak, geni\u015f bir yelpazedeki dan\u0131\u015fanlarla ki\u015fisel ve k\u00fclt\u00fcrel d\u00fczeyde ba\u011flant\u0131 kurabiliyorum.<\/p>\r\n<p>Bu yolculu\u011fa kendim i\u00e7in daha iyi bir gelecek in\u015fa etmek i\u00e7in ba\u015flad\u0131m ve \u015fimdi senin yolculu\u011funda sana rehberlik etmek i\u00e7in buraday\u0131m. Bir sonraki b\u00f6l\u00fcm\u00fcn\u00fc en g\u00fc\u00e7l\u00fc b\u00f6l\u00fcm\u00fcn yapmak i\u00e7in birlikte \u00e7al\u0131\u015fal\u0131m.<\/p>","protected":false},"excerpt":{"rendered":"<p>Hikayem: Ki\u015fisel Bir Yolculuktan Profesyonel Bir Mesle\u011fe 54 ya\u015f\u0131mda, bir\u00e7ok dan\u0131\u015fan\u0131m gibi ben de ayn\u0131 yolculuktay\u0131m. Hormonlar\u0131n azalmaya ba\u015flad\u0131\u011f\u0131nda ve v\u00fccudun de\u011fi\u015fmeye ba\u015flad\u0131\u011f\u0131nda neler hissetti\u011fini ilk elden biliyorum. Ve \u00e7evremdeki insanlarda da ayn\u0131 zorluklar\u0131\u2014metabolik sorunlar, kas kayb\u0131 ve kemik yo\u011funlu\u011fu endi\u015feleri\u2014g\u00f6rd\u00fcm. Genellikle bize ne yapmam\u0131z gerekti\u011fi s\u00f6yleniyor, ancak v\u00fccudumuzu gelece\u011fe proaktif olarak nas\u0131l haz\u0131rlayaca\u011f\u0131m\u0131za dair &#8230; <a title=\"Ana Sayfa\" class=\"read-more\" href=\"https:\/\/uber50.coach\/tr\/\" aria-label=\"Read more about Ana Sayfa\">Devam\u0131n\u0131 oku<\/a><\/p>\n","protected":false},"author":1,"featured_media":0,"parent":0,"menu_order":0,"comment_status":"closed","ping_status":"closed","template":"","meta":{"_uag_custom_page_level_css":"","footnotes":""},"class_list":["post-384","page","type-page","status-publish"],"aioseo_notices":[],"_hostinger_reach_plugin_has_subscription_block":false,"_hostinger_reach_plugin_is_elementor":false,"uagb_featured_image_src":{"full":false,"thumbnail":false,"medium":false,"medium_large":false,"large":false,"1536x1536":false,"2048x2048":false},"uagb_author_info":{"display_name":"tamer_kavlak@yahoo.com","author_link":"https:\/\/uber50.coach\/tr\/author\/tamer_kavlakyahoo-com\/"},"uagb_comment_info":0,"uagb_excerpt":"Hikayem: Ki\u015fisel Bir Yolculuktan Profesyonel Bir Mesle\u011fe 54 ya\u015f\u0131mda, bir\u00e7ok dan\u0131\u015fan\u0131m gibi ben de ayn\u0131 yolculuktay\u0131m. Hormonlar\u0131n azalmaya ba\u015flad\u0131\u011f\u0131nda ve v\u00fccudun de\u011fi\u015fmeye ba\u015flad\u0131\u011f\u0131nda neler hissetti\u011fini ilk elden biliyorum. Ve \u00e7evremdeki insanlarda da ayn\u0131 zorluklar\u0131\u2014metabolik sorunlar, kas kayb\u0131 ve kemik yo\u011funlu\u011fu endi\u015feleri\u2014g\u00f6rd\u00fcm. Genellikle bize ne yapmam\u0131z gerekti\u011fi s\u00f6yleniyor, ancak v\u00fccudumuzu gelece\u011fe proaktif olarak nas\u0131l haz\u0131rlayaca\u011f\u0131m\u0131za dair&hellip;","_links":{"self":[{"href":"https:\/\/uber50.coach\/tr\/wp-json\/wp\/v2\/pages\/384","targetHints":{"allow":["GET"]}}],"collection":[{"href":"https:\/\/uber50.coach\/tr\/wp-json\/wp\/v2\/pages"}],"about":[{"href":"https:\/\/uber50.coach\/tr\/wp-json\/wp\/v2\/types\/page"}],"author":[{"embeddable":true,"href":"https:\/\/uber50.coach\/tr\/wp-json\/wp\/v2\/users\/1"}],"replies":[{"embeddable":true,"href":"https:\/\/uber50.coach\/tr\/wp-json\/wp\/v2\/comments?post=384"}],"version-history":[{"count":10,"href":"https:\/\/uber50.coach\/tr\/wp-json\/wp\/v2\/pages\/384\/revisions"}],"predecessor-version":[{"id":870,"href":"https:\/\/uber50.coach\/tr\/wp-json\/wp\/v2\/pages\/384\/revisions\/870"}],"wp:attachment":[{"href":"https:\/\/uber50.coach\/tr\/wp-json\/wp\/v2\/media?parent=384"}],"curies":[{"name":"wp","href":"https:\/\/api.w.org\/{rel}","templated":true}]}}