{"id":384,"date":"2025-09-24T15:58:38","date_gmt":"2025-09-24T15:58:38","guid":{"rendered":"https:\/\/uber50.coach\/home\/"},"modified":"2025-09-24T18:23:29","modified_gmt":"2025-09-24T18:23:29","slug":"home","status":"publish","type":"page","link":"https:\/\/uber50.coach\/es\/","title":{"rendered":"Inicio"},"content":{"rendered":"<h2>Mi Historia: De un camino personal a una vocaci\u00f3n profesional<\/h2>\r\n<p>A los 54 a\u00f1os, estoy en el mismo camino que muchos de mis clientes. S\u00e9 de primera mano lo que se siente cuando las hormonas comienzan a disminuir y el cuerpo empieza a cambiar. He visto los mismos desaf\u00edos \u2013problemas metab\u00f3licos, p\u00e9rdida de masa muscular y preocupaciones sobre la densidad \u00f3sea\u2013 en las personas que me rodean.<\/p>\r\n<p>Me di cuenta de que a menudo nos dicen lo que no debemos hacer, pero rara vez nos dan una hoja de ruta clara para preparar proactivamente nuestro cuerpo para el futuro. Empec\u00e9 este camino por mi cuenta, comprometi\u00e9ndome con mi propia salud. Cuanto m\u00e1s aprend\u00eda, m\u00e1s sent\u00eda una profunda pasi\u00f3n por compartir ese conocimiento. As\u00ed que decid\u00ed apostarlo todo, form\u00e1ndome formalmente con las certificaciones de <b>Pr\u00e4vensana Personal Trainer<\/b> y Nutricionista para ayudar a otros a navegar por esta etapa crucial de la vida.<\/p>\r\n<h2>Mi Filosof\u00eda: La fuerza es una inversi\u00f3n a largo plazo<\/h2>\r\n<p>Creo que una cantidad m\u00ednima de entrenamiento de fuerza constante no es solo un pasatiempo, es una inversi\u00f3n a largo plazo en tu bienestar. No hay p\u00edldoras m\u00e1gicas ni garant\u00edas, pero construir y mantener la masa muscular y la densidad \u00f3sea es la mejor manera de aumentar tus posibilidades de tener un futuro fuerte, independiente y din\u00e1mico.<\/p>\r\n<p>Mi enfoque no es convertirte en un culturista. Se trata de ser pragm\u00e1tico y efectivo. Se trata de darte las herramientas para combatir el proceso de envejecimiento natural y empoderarte para que tomes el control de tu salud.<\/p>\r\n<h2>Por qu\u00e9 soy el entrenador adecuado para ti<\/h2>\r\n<p>Mi trayectoria es una mezcla \u00fanica de experiencia personal y dedicaci\u00f3n profesional. Aprendo r\u00e1pido y me encanta sumergirme en los temas, por lo que puedes estar seguro de que mi gu\u00eda se basa en una base s\u00f3lida de las \u00faltimas investigaciones. He vivido los mismos cambios que ayudo a mis clientes a superar, lo que me da un nivel de empat\u00eda y comprensi\u00f3n que un libro de texto no puede ofrecer.<\/p>\r\n<p>Adem\u00e1s, como hablante de <b>alem\u00e1n, ingl\u00e9s, espa\u00f1ol, turco y suizo-alem\u00e1n<\/b>, puedo conectar con una amplia gama de clientes a nivel personal y cultural.<\/p>\r\n<p>Empec\u00e9 este camino para construir un futuro mejor para m\u00ed, y ahora estoy aqu\u00ed para guiarte en el tuyo. Trabajemos juntos para que tu pr\u00f3ximo cap\u00edtulo sea el m\u00e1s fuerte de todos.<\/p>","protected":false},"excerpt":{"rendered":"<p>Mi Historia: De un camino personal a una vocaci\u00f3n profesional A los 54 a\u00f1os, estoy en el mismo camino que muchos de mis clientes. S\u00e9 de primera mano lo que se siente cuando las hormonas comienzan a disminuir y el cuerpo empieza a cambiar. He visto los mismos desaf\u00edos \u2013problemas metab\u00f3licos, p\u00e9rdida de masa muscular &#8230; <a title=\"Inicio\" class=\"read-more\" href=\"https:\/\/uber50.coach\/es\/\" aria-label=\"Leer m\u00e1s sobre Inicio\">Leer m\u00e1s<\/a><\/p>\n","protected":false},"author":1,"featured_media":0,"parent":0,"menu_order":0,"comment_status":"closed","ping_status":"closed","template":"","meta":{"_uag_custom_page_level_css":"","footnotes":""},"class_list":["post-384","page","type-page","status-publish"],"aioseo_notices":[],"_hostinger_reach_plugin_has_subscription_block":false,"_hostinger_reach_plugin_is_elementor":false,"uagb_featured_image_src":{"full":false,"thumbnail":false,"medium":false,"medium_large":false,"large":false,"1536x1536":false,"2048x2048":false},"uagb_author_info":{"display_name":"tamer_kavlak@yahoo.com","author_link":"https:\/\/uber50.coach\/es\/author\/tamer_kavlakyahoo-com\/"},"uagb_comment_info":0,"uagb_excerpt":"Mi Historia: De un camino personal a una vocaci\u00f3n profesional A los 54 a\u00f1os, estoy en el mismo camino que muchos de mis clientes. S\u00e9 de primera mano lo que se siente cuando las hormonas comienzan a disminuir y el cuerpo empieza a cambiar. He visto los mismos desaf\u00edos \u2013problemas metab\u00f3licos, p\u00e9rdida de masa muscular&hellip;","_links":{"self":[{"href":"https:\/\/uber50.coach\/es\/wp-json\/wp\/v2\/pages\/384","targetHints":{"allow":["GET"]}}],"collection":[{"href":"https:\/\/uber50.coach\/es\/wp-json\/wp\/v2\/pages"}],"about":[{"href":"https:\/\/uber50.coach\/es\/wp-json\/wp\/v2\/types\/page"}],"author":[{"embeddable":true,"href":"https:\/\/uber50.coach\/es\/wp-json\/wp\/v2\/users\/1"}],"replies":[{"embeddable":true,"href":"https:\/\/uber50.coach\/es\/wp-json\/wp\/v2\/comments?post=384"}],"version-history":[{"count":10,"href":"https:\/\/uber50.coach\/es\/wp-json\/wp\/v2\/pages\/384\/revisions"}],"predecessor-version":[{"id":870,"href":"https:\/\/uber50.coach\/es\/wp-json\/wp\/v2\/pages\/384\/revisions\/870"}],"wp:attachment":[{"href":"https:\/\/uber50.coach\/es\/wp-json\/wp\/v2\/media?parent=384"}],"curies":[{"name":"wp","href":"https:\/\/api.w.org\/{rel}","templated":true}]}}