{"id":384,"date":"2025-09-24T15:58:38","date_gmt":"2025-09-24T15:58:38","guid":{"rendered":"https:\/\/uber50.coach\/home\/"},"modified":"2025-09-24T18:23:29","modified_gmt":"2025-09-24T18:23:29","slug":"home","status":"publish","type":"page","link":"https:\/\/uber50.coach\/de\/","title":{"rendered":"Start"},"content":{"rendered":"<h2>Meine Geschichte: Vom pers\u00f6nlichen Weg zur Berufung<\/h2>\r\n<p>Mit 54 Jahren bin ich auf derselben Reise wie viele meiner Klienten. Ich weiss aus erster Hand, wie es sich anf\u00fchlt, wenn die Hormone nachlassen und der K\u00f6rper sich ver\u00e4ndert. Ich sehe dieselben Herausforderungen \u2013 Stoffwechselprobleme, Muskelschwund und Bedenken bez\u00fcglich der Knochendichte \u2013 bei den Menschen in meinem Umfeld.<\/p>\r\n<p>Ich habe erkannt, dass uns oft gesagt wird, was wir nicht tun sollen, aber selten eine klare Anleitung erhalten, wie wir unseren K\u00f6rper proaktiv auf die Zukunft vorbereiten k\u00f6nnen. Ich habe diesen Weg f\u00fcr mich selbst begonnen und mir meiner eigenen Gesundheit verschrieben. Je mehr ich lernte, desto st\u00e4rker wurde mein Wunsch, dieses Wissen zu teilen. Also beschloss ich, aufs Ganze zu gehen und mich mit den <b>Pr\u00e4vensana-Zertifizierungen f\u00fcr Personal Training und Ern\u00e4hrungsberatung<\/b> offiziell auszubilden, um anderen zu helfen, diese entscheidende Lebensphase zu meistern.<\/p>\r\n<h2>Meine Philosophie: Kraft ist eine Langzeitinvestition<\/h2>\r\n<p>Ich bin davon \u00fcberzeugt, dass ein Mindestmass an konsequentem Krafttraining nicht nur ein Hobby, sondern eine langfristige Investition in dein Wohlbefinden ist. Es gibt keine Zauberpillen oder Garantien, aber der Aufbau und Erhalt von Muskel- und Knochenmasse ist der beste Weg, deine Chancen auf eine starke, unabh\u00e4ngige und dynamische Zukunft zu erh\u00f6hen.<\/p>\r\n<p>Bei meinem Ansatz geht es nicht darum, ein Bodybuilder zu werden. Es geht darum, pragmatisch und effektiv zu sein. Es geht darum, dir die Werkzeuge an die Hand zu geben, um dem nat\u00fcrlichen Alterungsprozess entgegenzuwirken und dir die Kontrolle \u00fcber deine Gesundheit zur\u00fcckzugeben.<\/p>\r\n<h2>Warum ich der richtige Coach f\u00fcr dich bin<\/h2>\r\n<p>Mein Hintergrund ist eine einzigartige Mischung aus pers\u00f6nlicher Erfahrung und professionellem Engagement. Ich lerne schnell und tauche gerne tief in Themen ein, sodass du sicher sein kannst, dass meine Beratung auf einer soliden Basis der neuesten Forschung beruht. Ich habe die Ver\u00e4nderungen, bei denen ich meinen Klienten helfe, selbst durchlebt, was mir ein Mass an Empathie und Verst\u00e4ndnis gibt, das kein Lehrbuch vermitteln kann.<\/p>\r\n<p>Als Sprecher von <b>Deutsch, Englisch, Spanisch, T\u00fcrkisch und Schweizerdeutsch<\/b> kann ich zudem eine pers\u00f6nliche und kulturelle Verbindung zu einem breiten Spektrum von Klienten aufbauen.<\/p>\r\n<p>Ich habe diesen Weg begonnen, um mir eine bessere Zukunft zu schaffen, und jetzt bin ich hier, um dich auf deinem Weg zu begleiten. Lass uns zusammenarbeiten, um dein n\u00e4chstes Kapitel zu deinem st\u00e4rksten zu machen.<\/p>","protected":false},"excerpt":{"rendered":"<p>Meine Geschichte: Vom pers\u00f6nlichen Weg zur Berufung Mit 54 Jahren bin ich auf derselben Reise wie viele meiner Klienten. Ich weiss aus erster Hand, wie es sich anf\u00fchlt, wenn die Hormone nachlassen und der K\u00f6rper sich ver\u00e4ndert. Ich sehe dieselben Herausforderungen \u2013 Stoffwechselprobleme, Muskelschwund und Bedenken bez\u00fcglich der Knochendichte \u2013 bei den Menschen in meinem &#8230; <a title=\"Start\" class=\"read-more\" href=\"https:\/\/uber50.coach\/de\/\" aria-label=\"Mehr Informationen \u00fcber Start\">Weiterlesen<\/a><\/p>\n","protected":false},"author":1,"featured_media":0,"parent":0,"menu_order":0,"comment_status":"closed","ping_status":"closed","template":"","meta":{"_uag_custom_page_level_css":"","footnotes":""},"class_list":["post-384","page","type-page","status-publish"],"aioseo_notices":[],"_hostinger_reach_plugin_has_subscription_block":false,"_hostinger_reach_plugin_is_elementor":false,"uagb_featured_image_src":{"full":false,"thumbnail":false,"medium":false,"medium_large":false,"large":false,"1536x1536":false,"2048x2048":false},"uagb_author_info":{"display_name":"tamer_kavlak@yahoo.com","author_link":"https:\/\/uber50.coach\/de\/author\/tamer_kavlakyahoo-com\/"},"uagb_comment_info":0,"uagb_excerpt":"Meine Geschichte: Vom pers\u00f6nlichen Weg zur Berufung Mit 54 Jahren bin ich auf derselben Reise wie viele meiner Klienten. Ich weiss aus erster Hand, wie es sich anf\u00fchlt, wenn die Hormone nachlassen und der K\u00f6rper sich ver\u00e4ndert. Ich sehe dieselben Herausforderungen \u2013 Stoffwechselprobleme, Muskelschwund und Bedenken bez\u00fcglich der Knochendichte \u2013 bei den Menschen in meinem&hellip;","_links":{"self":[{"href":"https:\/\/uber50.coach\/de\/wp-json\/wp\/v2\/pages\/384","targetHints":{"allow":["GET"]}}],"collection":[{"href":"https:\/\/uber50.coach\/de\/wp-json\/wp\/v2\/pages"}],"about":[{"href":"https:\/\/uber50.coach\/de\/wp-json\/wp\/v2\/types\/page"}],"author":[{"embeddable":true,"href":"https:\/\/uber50.coach\/de\/wp-json\/wp\/v2\/users\/1"}],"replies":[{"embeddable":true,"href":"https:\/\/uber50.coach\/de\/wp-json\/wp\/v2\/comments?post=384"}],"version-history":[{"count":10,"href":"https:\/\/uber50.coach\/de\/wp-json\/wp\/v2\/pages\/384\/revisions"}],"predecessor-version":[{"id":870,"href":"https:\/\/uber50.coach\/de\/wp-json\/wp\/v2\/pages\/384\/revisions\/870"}],"wp:attachment":[{"href":"https:\/\/uber50.coach\/de\/wp-json\/wp\/v2\/media?parent=384"}],"curies":[{"name":"wp","href":"https:\/\/api.w.org\/{rel}","templated":true}]}}